{"id":557,"date":"2024-07-09T06:58:21","date_gmt":"2024-07-09T06:58:21","guid":{"rendered":"http:\/\/8vk.444.mytemp.website\/?page_id=557"},"modified":"2024-10-11T10:43:07","modified_gmt":"2024-10-11T07:43:07","slug":"ozgecmis","status":"publish","type":"page","link":"https:\/\/drbanuaydinatay.com\/en\/ozgecmis\/","title":{"rendered":"Biography"},"content":{"rendered":"","protected":false},"excerpt":{"rendered":"","protected":false},"author":1,"featured_media":0,"parent":0,"menu_order":0,"comment_status":"closed","ping_status":"closed","template":"","meta":{"_acf_changed":false,"footnotes":""},"class_list":["post-557","page","type-page","status-publish","hentry"],"acf":[],"yoast_head":"<!-- This site is optimized with the Yoast SEO plugin v23.6 - https:\/\/yoast.com\/wordpress\/plugins\/seo\/ -->\n<title>\u00d6zge\u00e7mi\u015f | Do\u00e7. Dr. Banu Sa\u011flam Ayd\u0131natay<\/title>\n<meta name=\"description\" content=\"Do\u00e7. Dr. Banu Sa\u011flam Ayd\u0131natay, Hacettepe \u00dcniversitesi Di\u015f Hekimli\u011fi Fak\u00fcltesi mezunu olup Ortodonti alan\u0131nda uzmanl\u0131k ve doktora yapm\u0131\u015ft\u0131r. 2018\u2019de Do\u00e7ent unvan\u0131 alm\u0131\u015f, 2020\u2019den itibaren \u00f6zel muayenehanesinde hizmet vermektedir.\" \/>\n<meta name=\"robots\" content=\"index, follow, max-snippet:-1, max-image-preview:large, max-video-preview:-1\" \/>\n<link rel=\"canonical\" href=\"https:\/\/drbanuaydinatay.com\/en\/ozgecmis\/\" \/>\n<meta property=\"og:locale\" content=\"en_US\" \/>\n<meta property=\"og:type\" content=\"article\" \/>\n<meta property=\"og:title\" content=\"\u00d6zge\u00e7mi\u015f | Do\u00e7. Dr. Banu Sa\u011flam Ayd\u0131natay\" \/>\n<meta property=\"og:description\" content=\"Do\u00e7. Dr. Banu Sa\u011flam Ayd\u0131natay, Hacettepe \u00dcniversitesi Di\u015f Hekimli\u011fi Fak\u00fcltesi mezunu olup Ortodonti alan\u0131nda uzmanl\u0131k ve doktora yapm\u0131\u015ft\u0131r. 2018\u2019de Do\u00e7ent unvan\u0131 alm\u0131\u015f, 2020\u2019den itibaren \u00f6zel muayenehanesinde hizmet vermektedir.\" \/>\n<meta property=\"og:url\" content=\"https:\/\/drbanuaydinatay.com\/en\/ozgecmis\/\" \/>\n<meta property=\"og:site_name\" content=\"Do\u00e7. Dr. Banu Sa\u011flam Ayd\u0131natay\" \/>\n<meta property=\"article:modified_time\" content=\"2024-10-11T07:43:07+00:00\" \/>\n<meta name=\"twitter:card\" content=\"summary_large_image\" \/>\n<script type=\"application\/ld+json\" class=\"yoast-schema-graph\">{\"@context\":\"https:\/\/schema.org\",\"@graph\":[{\"@type\":\"WebPage\",\"@id\":\"https:\/\/drbanuaydinatay.com\/ozgecmis\/\",\"url\":\"https:\/\/drbanuaydinatay.com\/ozgecmis\/\",\"name\":\"\u00d6zge\u00e7mi\u015f | Do\u00e7. Dr. Banu Sa\u011flam Ayd\u0131natay\",\"isPartOf\":{\"@id\":\"https:\/\/drbanuaydinatay.com\/#website\"},\"datePublished\":\"2024-07-09T06:58:21+00:00\",\"dateModified\":\"2024-10-11T07:43:07+00:00\",\"description\":\"Do\u00e7. Dr. Banu Sa\u011flam Ayd\u0131natay, Hacettepe \u00dcniversitesi Di\u015f Hekimli\u011fi Fak\u00fcltesi mezunu olup Ortodonti alan\u0131nda uzmanl\u0131k ve doktora yapm\u0131\u015ft\u0131r. 2018\u2019de Do\u00e7ent unvan\u0131 alm\u0131\u015f, 2020\u2019den itibaren \u00f6zel muayenehanesinde hizmet vermektedir.\",\"breadcrumb\":{\"@id\":\"https:\/\/drbanuaydinatay.com\/ozgecmis\/#breadcrumb\"},\"inLanguage\":\"en-US\",\"potentialAction\":[{\"@type\":\"ReadAction\",\"target\":[\"https:\/\/drbanuaydinatay.com\/ozgecmis\/\"]}]},{\"@type\":\"BreadcrumbList\",\"@id\":\"https:\/\/drbanuaydinatay.com\/ozgecmis\/#breadcrumb\",\"itemListElement\":[{\"@type\":\"ListItem\",\"position\":1,\"name\":\"Anasayfa\",\"item\":\"https:\/\/drbanuaydinatay.com\/\"},{\"@type\":\"ListItem\",\"position\":2,\"name\":\"\u00d6zge\u00e7mi\u015f\"}]},{\"@type\":\"WebSite\",\"@id\":\"https:\/\/drbanuaydinatay.com\/#website\",\"url\":\"https:\/\/drbanuaydinatay.com\/\",\"name\":\"Do\u00e7. Dr. Banu Sa\u011flam Ayd\u0131natay\",\"description\":\"\",\"publisher\":{\"@id\":\"https:\/\/drbanuaydinatay.com\/#\/schema\/person\/655c3e9cf49d307531668553802ad98f\"},\"potentialAction\":[{\"@type\":\"SearchAction\",\"target\":{\"@type\":\"EntryPoint\",\"urlTemplate\":\"https:\/\/drbanuaydinatay.com\/?s={search_term_string}\"},\"query-input\":{\"@type\":\"PropertyValueSpecification\",\"valueRequired\":true,\"valueName\":\"search_term_string\"}}],\"inLanguage\":\"en-US\"},{\"@type\":[\"Person\",\"Organization\"],\"@id\":\"https:\/\/drbanuaydinatay.com\/#\/schema\/person\/655c3e9cf49d307531668553802ad98f\",\"name\":\"Do\u00e7. Dr. Banu Sa\u011flam Ayd\u0131natay\",\"logo\":{\"@id\":\"https:\/\/drbanuaydinatay.com\/#\/schema\/person\/image\/\"}}]}<\/script>\n<!-- \/ Yoast SEO plugin. -->","yoast_head_json":{"title":"\u00d6zge\u00e7mi\u015f | Do\u00e7. Dr. Banu Sa\u011flam Ayd\u0131natay","description":"Do\u00e7. Dr. Banu Sa\u011flam Ayd\u0131natay, Hacettepe \u00dcniversitesi Di\u015f Hekimli\u011fi Fak\u00fcltesi mezunu olup Ortodonti alan\u0131nda uzmanl\u0131k ve doktora yapm\u0131\u015ft\u0131r. 2018\u2019de Do\u00e7ent unvan\u0131 alm\u0131\u015f, 2020\u2019den itibaren \u00f6zel muayenehanesinde hizmet vermektedir.","robots":{"index":"index","follow":"follow","max-snippet":"max-snippet:-1","max-image-preview":"max-image-preview:large","max-video-preview":"max-video-preview:-1"},"canonical":"https:\/\/drbanuaydinatay.com\/en\/ozgecmis\/","og_locale":"en_US","og_type":"article","og_title":"\u00d6zge\u00e7mi\u015f | Do\u00e7. Dr. Banu Sa\u011flam Ayd\u0131natay","og_description":"Do\u00e7. Dr. Banu Sa\u011flam Ayd\u0131natay, Hacettepe \u00dcniversitesi Di\u015f Hekimli\u011fi Fak\u00fcltesi mezunu olup Ortodonti alan\u0131nda uzmanl\u0131k ve doktora yapm\u0131\u015ft\u0131r. 2018\u2019de Do\u00e7ent unvan\u0131 alm\u0131\u015f, 2020\u2019den itibaren \u00f6zel muayenehanesinde hizmet vermektedir.","og_url":"https:\/\/drbanuaydinatay.com\/en\/ozgecmis\/","og_site_name":"Do\u00e7. Dr. Banu Sa\u011flam Ayd\u0131natay","article_modified_time":"2024-10-11T07:43:07+00:00","twitter_card":"summary_large_image","schema":{"@context":"https:\/\/schema.org","@graph":[{"@type":"WebPage","@id":"https:\/\/drbanuaydinatay.com\/ozgecmis\/","url":"https:\/\/drbanuaydinatay.com\/ozgecmis\/","name":"\u00d6zge\u00e7mi\u015f | Do\u00e7. Dr. Banu Sa\u011flam Ayd\u0131natay","isPartOf":{"@id":"https:\/\/drbanuaydinatay.com\/#website"},"datePublished":"2024-07-09T06:58:21+00:00","dateModified":"2024-10-11T07:43:07+00:00","description":"Do\u00e7. Dr. Banu Sa\u011flam Ayd\u0131natay, Hacettepe \u00dcniversitesi Di\u015f Hekimli\u011fi Fak\u00fcltesi mezunu olup Ortodonti alan\u0131nda uzmanl\u0131k ve doktora yapm\u0131\u015ft\u0131r. 2018\u2019de Do\u00e7ent unvan\u0131 alm\u0131\u015f, 2020\u2019den itibaren \u00f6zel muayenehanesinde hizmet vermektedir.","breadcrumb":{"@id":"https:\/\/drbanuaydinatay.com\/ozgecmis\/#breadcrumb"},"inLanguage":"en-US","potentialAction":[{"@type":"ReadAction","target":["https:\/\/drbanuaydinatay.com\/ozgecmis\/"]}]},{"@type":"BreadcrumbList","@id":"https:\/\/drbanuaydinatay.com\/ozgecmis\/#breadcrumb","itemListElement":[{"@type":"ListItem","position":1,"name":"Anasayfa","item":"https:\/\/drbanuaydinatay.com\/"},{"@type":"ListItem","position":2,"name":"\u00d6zge\u00e7mi\u015f"}]},{"@type":"WebSite","@id":"https:\/\/drbanuaydinatay.com\/#website","url":"https:\/\/drbanuaydinatay.com\/","name":"Do\u00e7. Dr. Banu Sa\u011flam Ayd\u0131natay","description":"","publisher":{"@id":"https:\/\/drbanuaydinatay.com\/#\/schema\/person\/655c3e9cf49d307531668553802ad98f"},"potentialAction":[{"@type":"SearchAction","target":{"@type":"EntryPoint","urlTemplate":"https:\/\/drbanuaydinatay.com\/?s={search_term_string}"},"query-input":{"@type":"PropertyValueSpecification","valueRequired":true,"valueName":"search_term_string"}}],"inLanguage":"en-US"},{"@type":["Person","Organization"],"@id":"https:\/\/drbanuaydinatay.com\/#\/schema\/person\/655c3e9cf49d307531668553802ad98f","name":"Do\u00e7. Dr. Banu Sa\u011flam Ayd\u0131natay","logo":{"@id":"https:\/\/drbanuaydinatay.com\/#\/schema\/person\/image\/"}}]}},"_links":{"self":[{"href":"https:\/\/drbanuaydinatay.com\/en\/wp-json\/wp\/v2\/pages\/557","targetHints":{"allow":["GET"]}}],"collection":[{"href":"https:\/\/drbanuaydinatay.com\/en\/wp-json\/wp\/v2\/pages"}],"about":[{"href":"https:\/\/drbanuaydinatay.com\/en\/wp-json\/wp\/v2\/types\/page"}],"author":[{"embeddable":true,"href":"https:\/\/drbanuaydinatay.com\/en\/wp-json\/wp\/v2\/users\/1"}],"replies":[{"embeddable":true,"href":"https:\/\/drbanuaydinatay.com\/en\/wp-json\/wp\/v2\/comments?post=557"}],"version-history":[{"count":1,"href":"https:\/\/drbanuaydinatay.com\/en\/wp-json\/wp\/v2\/pages\/557\/revisions"}],"predecessor-version":[{"id":1074,"href":"https:\/\/drbanuaydinatay.com\/en\/wp-json\/wp\/v2\/pages\/557\/revisions\/1074"}],"wp:attachment":[{"href":"https:\/\/drbanuaydinatay.com\/en\/wp-json\/wp\/v2\/media?parent=557"}],"curies":[{"name":"wp","href":"https:\/\/api.w.org\/{rel}","templated":true}]}}