{"id":728,"date":"2024-07-10T08:42:39","date_gmt":"2024-07-10T08:42:39","guid":{"rendered":"http:\/\/8vk.444.mytemp.website\/?page_id=728"},"modified":"2024-10-11T10:45:19","modified_gmt":"2024-10-11T07:45:19","slug":"tedaviler","status":"publish","type":"page","link":"https:\/\/drbanuaydinatay.com\/en\/tedaviler\/","title":{"rendered":"Treatments"},"content":{"rendered":"","protected":false},"excerpt":{"rendered":"","protected":false},"author":1,"featured_media":0,"parent":0,"menu_order":0,"comment_status":"closed","ping_status":"closed","template":"","meta":{"_acf_changed":false,"footnotes":""},"class_list":["post-728","page","type-page","status-publish","hentry"],"acf":[],"yoast_head":"<!-- This site is optimized with the Yoast SEO plugin v23.6 - https:\/\/yoast.com\/wordpress\/plugins\/seo\/ -->\n<title>Tedaviler | Do\u00e7. Dr. Banu Sa\u011flam Ayd\u0131natay<\/title>\n<meta name=\"description\" content=\"Tedavi sayfam\u0131zda, Do\u00e7. Dr. Banu Sa\u011flam Ayd\u0131natay taraf\u0131ndan sunulan ortodontik tedaviler hakk\u0131nda detayl\u0131 bilgiye ula\u015fabilirsiniz. \u00c7ocuk ve yeti\u015fkinlerde \u00e7ene bozukluklar\u0131, di\u015f \u00e7apra\u015f\u0131kl\u0131klar\u0131, ortognatik cerrahi, \u015feffaf plak ve \u00e7ene eklemi bozukluklar\u0131n\u0131n tedavi y\u00f6ntemlerini inceleyebilirsiniz.\" \/>\n<meta name=\"robots\" content=\"index, follow, max-snippet:-1, max-image-preview:large, max-video-preview:-1\" \/>\n<link rel=\"canonical\" href=\"https:\/\/drbanuaydinatay.com\/en\/tedaviler\/\" \/>\n<meta property=\"og:locale\" content=\"en_US\" \/>\n<meta property=\"og:type\" content=\"article\" \/>\n<meta property=\"og:title\" content=\"Tedaviler | Do\u00e7. Dr. Banu Sa\u011flam Ayd\u0131natay\" \/>\n<meta property=\"og:description\" content=\"Tedavi sayfam\u0131zda, Do\u00e7. Dr. Banu Sa\u011flam Ayd\u0131natay taraf\u0131ndan sunulan ortodontik tedaviler hakk\u0131nda detayl\u0131 bilgiye ula\u015fabilirsiniz. \u00c7ocuk ve yeti\u015fkinlerde \u00e7ene bozukluklar\u0131, di\u015f \u00e7apra\u015f\u0131kl\u0131klar\u0131, ortognatik cerrahi, \u015feffaf plak ve \u00e7ene eklemi bozukluklar\u0131n\u0131n tedavi y\u00f6ntemlerini inceleyebilirsiniz.\" \/>\n<meta property=\"og:url\" content=\"https:\/\/drbanuaydinatay.com\/en\/tedaviler\/\" \/>\n<meta property=\"og:site_name\" content=\"Do\u00e7. Dr. Banu Sa\u011flam Ayd\u0131natay\" \/>\n<meta property=\"article:modified_time\" content=\"2024-10-11T07:45:19+00:00\" \/>\n<meta name=\"twitter:card\" content=\"summary_large_image\" \/>\n<script type=\"application\/ld+json\" class=\"yoast-schema-graph\">{\"@context\":\"https:\/\/schema.org\",\"@graph\":[{\"@type\":\"WebPage\",\"@id\":\"https:\/\/drbanuaydinatay.com\/tedaviler\/\",\"url\":\"https:\/\/drbanuaydinatay.com\/tedaviler\/\",\"name\":\"Tedaviler | Do\u00e7. Dr. Banu Sa\u011flam Ayd\u0131natay\",\"isPartOf\":{\"@id\":\"https:\/\/drbanuaydinatay.com\/#website\"},\"datePublished\":\"2024-07-10T08:42:39+00:00\",\"dateModified\":\"2024-10-11T07:45:19+00:00\",\"description\":\"Tedavi sayfam\u0131zda, Do\u00e7. Dr. Banu Sa\u011flam Ayd\u0131natay taraf\u0131ndan sunulan ortodontik tedaviler hakk\u0131nda detayl\u0131 bilgiye ula\u015fabilirsiniz. \u00c7ocuk ve yeti\u015fkinlerde \u00e7ene bozukluklar\u0131, di\u015f \u00e7apra\u015f\u0131kl\u0131klar\u0131, ortognatik cerrahi, \u015feffaf plak ve \u00e7ene eklemi bozukluklar\u0131n\u0131n tedavi y\u00f6ntemlerini inceleyebilirsiniz.\",\"breadcrumb\":{\"@id\":\"https:\/\/drbanuaydinatay.com\/tedaviler\/#breadcrumb\"},\"inLanguage\":\"en-US\",\"potentialAction\":[{\"@type\":\"ReadAction\",\"target\":[\"https:\/\/drbanuaydinatay.com\/tedaviler\/\"]}]},{\"@type\":\"BreadcrumbList\",\"@id\":\"https:\/\/drbanuaydinatay.com\/tedaviler\/#breadcrumb\",\"itemListElement\":[{\"@type\":\"ListItem\",\"position\":1,\"name\":\"Anasayfa\",\"item\":\"https:\/\/drbanuaydinatay.com\/\"},{\"@type\":\"ListItem\",\"position\":2,\"name\":\"Tedaviler\"}]},{\"@type\":\"WebSite\",\"@id\":\"https:\/\/drbanuaydinatay.com\/#website\",\"url\":\"https:\/\/drbanuaydinatay.com\/\",\"name\":\"Do\u00e7. Dr. Banu Sa\u011flam Ayd\u0131natay\",\"description\":\"\",\"publisher\":{\"@id\":\"https:\/\/drbanuaydinatay.com\/#\/schema\/person\/655c3e9cf49d307531668553802ad98f\"},\"potentialAction\":[{\"@type\":\"SearchAction\",\"target\":{\"@type\":\"EntryPoint\",\"urlTemplate\":\"https:\/\/drbanuaydinatay.com\/?s={search_term_string}\"},\"query-input\":{\"@type\":\"PropertyValueSpecification\",\"valueRequired\":true,\"valueName\":\"search_term_string\"}}],\"inLanguage\":\"en-US\"},{\"@type\":[\"Person\",\"Organization\"],\"@id\":\"https:\/\/drbanuaydinatay.com\/#\/schema\/person\/655c3e9cf49d307531668553802ad98f\",\"name\":\"Do\u00e7. Dr. Banu Sa\u011flam Ayd\u0131natay\",\"logo\":{\"@id\":\"https:\/\/drbanuaydinatay.com\/#\/schema\/person\/image\/\"}}]}<\/script>\n<!-- \/ Yoast SEO plugin. -->","yoast_head_json":{"title":"Tedaviler | Do\u00e7. Dr. Banu Sa\u011flam Ayd\u0131natay","description":"Tedavi sayfam\u0131zda, Do\u00e7. Dr. Banu Sa\u011flam Ayd\u0131natay taraf\u0131ndan sunulan ortodontik tedaviler hakk\u0131nda detayl\u0131 bilgiye ula\u015fabilirsiniz. \u00c7ocuk ve yeti\u015fkinlerde \u00e7ene bozukluklar\u0131, di\u015f \u00e7apra\u015f\u0131kl\u0131klar\u0131, ortognatik cerrahi, \u015feffaf plak ve \u00e7ene eklemi bozukluklar\u0131n\u0131n tedavi y\u00f6ntemlerini inceleyebilirsiniz.","robots":{"index":"index","follow":"follow","max-snippet":"max-snippet:-1","max-image-preview":"max-image-preview:large","max-video-preview":"max-video-preview:-1"},"canonical":"https:\/\/drbanuaydinatay.com\/en\/tedaviler\/","og_locale":"en_US","og_type":"article","og_title":"Tedaviler | Do\u00e7. Dr. Banu Sa\u011flam Ayd\u0131natay","og_description":"Tedavi sayfam\u0131zda, Do\u00e7. Dr. Banu Sa\u011flam Ayd\u0131natay taraf\u0131ndan sunulan ortodontik tedaviler hakk\u0131nda detayl\u0131 bilgiye ula\u015fabilirsiniz. \u00c7ocuk ve yeti\u015fkinlerde \u00e7ene bozukluklar\u0131, di\u015f \u00e7apra\u015f\u0131kl\u0131klar\u0131, ortognatik cerrahi, \u015feffaf plak ve \u00e7ene eklemi bozukluklar\u0131n\u0131n tedavi y\u00f6ntemlerini inceleyebilirsiniz.","og_url":"https:\/\/drbanuaydinatay.com\/en\/tedaviler\/","og_site_name":"Do\u00e7. Dr. Banu Sa\u011flam Ayd\u0131natay","article_modified_time":"2024-10-11T07:45:19+00:00","twitter_card":"summary_large_image","schema":{"@context":"https:\/\/schema.org","@graph":[{"@type":"WebPage","@id":"https:\/\/drbanuaydinatay.com\/tedaviler\/","url":"https:\/\/drbanuaydinatay.com\/tedaviler\/","name":"Tedaviler | Do\u00e7. Dr. Banu Sa\u011flam Ayd\u0131natay","isPartOf":{"@id":"https:\/\/drbanuaydinatay.com\/#website"},"datePublished":"2024-07-10T08:42:39+00:00","dateModified":"2024-10-11T07:45:19+00:00","description":"Tedavi sayfam\u0131zda, Do\u00e7. Dr. Banu Sa\u011flam Ayd\u0131natay taraf\u0131ndan sunulan ortodontik tedaviler hakk\u0131nda detayl\u0131 bilgiye ula\u015fabilirsiniz. \u00c7ocuk ve yeti\u015fkinlerde \u00e7ene bozukluklar\u0131, di\u015f \u00e7apra\u015f\u0131kl\u0131klar\u0131, ortognatik cerrahi, \u015feffaf plak ve \u00e7ene eklemi bozukluklar\u0131n\u0131n tedavi y\u00f6ntemlerini inceleyebilirsiniz.","breadcrumb":{"@id":"https:\/\/drbanuaydinatay.com\/tedaviler\/#breadcrumb"},"inLanguage":"en-US","potentialAction":[{"@type":"ReadAction","target":["https:\/\/drbanuaydinatay.com\/tedaviler\/"]}]},{"@type":"BreadcrumbList","@id":"https:\/\/drbanuaydinatay.com\/tedaviler\/#breadcrumb","itemListElement":[{"@type":"ListItem","position":1,"name":"Anasayfa","item":"https:\/\/drbanuaydinatay.com\/"},{"@type":"ListItem","position":2,"name":"Tedaviler"}]},{"@type":"WebSite","@id":"https:\/\/drbanuaydinatay.com\/#website","url":"https:\/\/drbanuaydinatay.com\/","name":"Do\u00e7. Dr. Banu Sa\u011flam Ayd\u0131natay","description":"","publisher":{"@id":"https:\/\/drbanuaydinatay.com\/#\/schema\/person\/655c3e9cf49d307531668553802ad98f"},"potentialAction":[{"@type":"SearchAction","target":{"@type":"EntryPoint","urlTemplate":"https:\/\/drbanuaydinatay.com\/?s={search_term_string}"},"query-input":{"@type":"PropertyValueSpecification","valueRequired":true,"valueName":"search_term_string"}}],"inLanguage":"en-US"},{"@type":["Person","Organization"],"@id":"https:\/\/drbanuaydinatay.com\/#\/schema\/person\/655c3e9cf49d307531668553802ad98f","name":"Do\u00e7. Dr. Banu Sa\u011flam Ayd\u0131natay","logo":{"@id":"https:\/\/drbanuaydinatay.com\/#\/schema\/person\/image\/"}}]}},"_links":{"self":[{"href":"https:\/\/drbanuaydinatay.com\/en\/wp-json\/wp\/v2\/pages\/728","targetHints":{"allow":["GET"]}}],"collection":[{"href":"https:\/\/drbanuaydinatay.com\/en\/wp-json\/wp\/v2\/pages"}],"about":[{"href":"https:\/\/drbanuaydinatay.com\/en\/wp-json\/wp\/v2\/types\/page"}],"author":[{"embeddable":true,"href":"https:\/\/drbanuaydinatay.com\/en\/wp-json\/wp\/v2\/users\/1"}],"replies":[{"embeddable":true,"href":"https:\/\/drbanuaydinatay.com\/en\/wp-json\/wp\/v2\/comments?post=728"}],"version-history":[{"count":1,"href":"https:\/\/drbanuaydinatay.com\/en\/wp-json\/wp\/v2\/pages\/728\/revisions"}],"predecessor-version":[{"id":1078,"href":"https:\/\/drbanuaydinatay.com\/en\/wp-json\/wp\/v2\/pages\/728\/revisions\/1078"}],"wp:attachment":[{"href":"https:\/\/drbanuaydinatay.com\/en\/wp-json\/wp\/v2\/media?parent=728"}],"curies":[{"name":"wp","href":"https:\/\/api.w.org\/{rel}","templated":true}]}}