{"id":77,"date":"2024-05-09T08:46:51","date_gmt":"2024-05-09T08:46:51","guid":{"rendered":"http:\/\/8vk.444.mytemp.website\/?page_id=77"},"modified":"2024-10-11T10:28:53","modified_gmt":"2024-10-11T07:28:53","slug":"anasayfa","status":"publish","type":"page","link":"https:\/\/drbanuaydinatay.com\/en\/","title":{"rendered":"Homepage"},"content":{"rendered":"","protected":false},"excerpt":{"rendered":"","protected":false},"author":1,"featured_media":0,"parent":0,"menu_order":0,"comment_status":"closed","ping_status":"closed","template":"","meta":{"_acf_changed":false,"footnotes":""},"class_list":["post-77","page","type-page","status-publish","hentry"],"acf":[],"yoast_head":"<!-- This site is optimized with the Yoast SEO plugin v23.6 - https:\/\/yoast.com\/wordpress\/plugins\/seo\/ -->\n<title>Do\u00e7. Dr. Banu Sa\u011flam Ayd\u0131natay | Sa\u011fl\u0131kl\u0131 Di\u015fler G\u00fczel G\u00fcl\u00fc\u015fler<\/title>\n<meta name=\"description\" content=\"Di\u015f sa\u011fl\u0131\u011f\u0131nda modern teknikler ve ki\u015fiye \u00f6zel tedavi planlar\u0131, sa\u011fl\u0131kl\u0131 ve estetik g\u00fcl\u00fc\u015fler i\u00e7in \u00f6nemlidir. Do\u00e7. Dr. Banu Sa\u011flam Ayd\u0131natay\" \/>\n<meta name=\"robots\" content=\"index, follow, max-snippet:-1, max-image-preview:large, max-video-preview:-1\" \/>\n<link rel=\"canonical\" href=\"https:\/\/drbanuaydinatay.com\/en\/\" \/>\n<meta property=\"og:locale\" content=\"en_US\" \/>\n<meta property=\"og:type\" content=\"article\" \/>\n<meta property=\"og:title\" content=\"Do\u00e7. Dr. Banu Sa\u011flam Ayd\u0131natay | Sa\u011fl\u0131kl\u0131 Di\u015fler G\u00fczel G\u00fcl\u00fc\u015fler\" \/>\n<meta property=\"og:description\" content=\"Di\u015f sa\u011fl\u0131\u011f\u0131nda modern teknikler ve ki\u015fiye \u00f6zel tedavi planlar\u0131, sa\u011fl\u0131kl\u0131 ve estetik g\u00fcl\u00fc\u015fler i\u00e7in \u00f6nemlidir. Do\u00e7. Dr. Banu Sa\u011flam Ayd\u0131natay\" \/>\n<meta property=\"og:url\" content=\"https:\/\/drbanuaydinatay.com\/en\/\" \/>\n<meta property=\"og:site_name\" content=\"Do\u00e7. Dr. Banu Sa\u011flam Ayd\u0131natay\" \/>\n<meta property=\"article:modified_time\" content=\"2024-10-11T07:28:53+00:00\" \/>\n<meta name=\"twitter:card\" content=\"summary_large_image\" \/>\n<script type=\"application\/ld+json\" class=\"yoast-schema-graph\">{\"@context\":\"https:\/\/schema.org\",\"@graph\":[{\"@type\":\"WebPage\",\"@id\":\"https:\/\/drbanuaydinatay.com\/\",\"url\":\"https:\/\/drbanuaydinatay.com\/\",\"name\":\"Do\u00e7. Dr. Banu Sa\u011flam Ayd\u0131natay | Sa\u011fl\u0131kl\u0131 Di\u015fler G\u00fczel G\u00fcl\u00fc\u015fler\",\"isPartOf\":{\"@id\":\"https:\/\/drbanuaydinatay.com\/#website\"},\"datePublished\":\"2024-05-09T08:46:51+00:00\",\"dateModified\":\"2024-10-11T07:28:53+00:00\",\"description\":\"Di\u015f sa\u011fl\u0131\u011f\u0131nda modern teknikler ve ki\u015fiye \u00f6zel tedavi planlar\u0131, sa\u011fl\u0131kl\u0131 ve estetik g\u00fcl\u00fc\u015fler i\u00e7in \u00f6nemlidir. Do\u00e7. Dr. Banu Sa\u011flam Ayd\u0131natay\",\"breadcrumb\":{\"@id\":\"https:\/\/drbanuaydinatay.com\/#breadcrumb\"},\"inLanguage\":\"en-US\",\"potentialAction\":[{\"@type\":\"ReadAction\",\"target\":[\"https:\/\/drbanuaydinatay.com\/\"]}]},{\"@type\":\"BreadcrumbList\",\"@id\":\"https:\/\/drbanuaydinatay.com\/#breadcrumb\",\"itemListElement\":[{\"@type\":\"ListItem\",\"position\":1,\"name\":\"Anasayfa\",\"item\":\"https:\/\/drbanuaydinatay.com\/\"},{\"@type\":\"ListItem\",\"position\":2,\"name\":\"Anasayfa\"}]},{\"@type\":\"WebSite\",\"@id\":\"https:\/\/drbanuaydinatay.com\/#website\",\"url\":\"https:\/\/drbanuaydinatay.com\/\",\"name\":\"Do\u00e7. Dr. Banu Sa\u011flam Ayd\u0131natay\",\"description\":\"\",\"publisher\":{\"@id\":\"https:\/\/drbanuaydinatay.com\/#\/schema\/person\/655c3e9cf49d307531668553802ad98f\"},\"potentialAction\":[{\"@type\":\"SearchAction\",\"target\":{\"@type\":\"EntryPoint\",\"urlTemplate\":\"https:\/\/drbanuaydinatay.com\/?s={search_term_string}\"},\"query-input\":{\"@type\":\"PropertyValueSpecification\",\"valueRequired\":true,\"valueName\":\"search_term_string\"}}],\"inLanguage\":\"en-US\"},{\"@type\":[\"Person\",\"Organization\"],\"@id\":\"https:\/\/drbanuaydinatay.com\/#\/schema\/person\/655c3e9cf49d307531668553802ad98f\",\"name\":\"Do\u00e7. Dr. Banu Sa\u011flam Ayd\u0131natay\",\"logo\":{\"@id\":\"https:\/\/drbanuaydinatay.com\/#\/schema\/person\/image\/\"}}]}<\/script>\n<!-- \/ Yoast SEO plugin. -->","yoast_head_json":{"title":"Do\u00e7. Dr. Banu Sa\u011flam Ayd\u0131natay | Sa\u011fl\u0131kl\u0131 Di\u015fler G\u00fczel G\u00fcl\u00fc\u015fler","description":"Di\u015f sa\u011fl\u0131\u011f\u0131nda modern teknikler ve ki\u015fiye \u00f6zel tedavi planlar\u0131, sa\u011fl\u0131kl\u0131 ve estetik g\u00fcl\u00fc\u015fler i\u00e7in \u00f6nemlidir. Do\u00e7. Dr. Banu Sa\u011flam Ayd\u0131natay","robots":{"index":"index","follow":"follow","max-snippet":"max-snippet:-1","max-image-preview":"max-image-preview:large","max-video-preview":"max-video-preview:-1"},"canonical":"https:\/\/drbanuaydinatay.com\/en\/","og_locale":"en_US","og_type":"article","og_title":"Do\u00e7. Dr. Banu Sa\u011flam Ayd\u0131natay | Sa\u011fl\u0131kl\u0131 Di\u015fler G\u00fczel G\u00fcl\u00fc\u015fler","og_description":"Di\u015f sa\u011fl\u0131\u011f\u0131nda modern teknikler ve ki\u015fiye \u00f6zel tedavi planlar\u0131, sa\u011fl\u0131kl\u0131 ve estetik g\u00fcl\u00fc\u015fler i\u00e7in \u00f6nemlidir. Do\u00e7. Dr. Banu Sa\u011flam Ayd\u0131natay","og_url":"https:\/\/drbanuaydinatay.com\/en\/","og_site_name":"Do\u00e7. Dr. Banu Sa\u011flam Ayd\u0131natay","article_modified_time":"2024-10-11T07:28:53+00:00","twitter_card":"summary_large_image","schema":{"@context":"https:\/\/schema.org","@graph":[{"@type":"WebPage","@id":"https:\/\/drbanuaydinatay.com\/","url":"https:\/\/drbanuaydinatay.com\/","name":"Do\u00e7. Dr. Banu Sa\u011flam Ayd\u0131natay | Sa\u011fl\u0131kl\u0131 Di\u015fler G\u00fczel G\u00fcl\u00fc\u015fler","isPartOf":{"@id":"https:\/\/drbanuaydinatay.com\/#website"},"datePublished":"2024-05-09T08:46:51+00:00","dateModified":"2024-10-11T07:28:53+00:00","description":"Di\u015f sa\u011fl\u0131\u011f\u0131nda modern teknikler ve ki\u015fiye \u00f6zel tedavi planlar\u0131, sa\u011fl\u0131kl\u0131 ve estetik g\u00fcl\u00fc\u015fler i\u00e7in \u00f6nemlidir. Do\u00e7. Dr. Banu Sa\u011flam Ayd\u0131natay","breadcrumb":{"@id":"https:\/\/drbanuaydinatay.com\/#breadcrumb"},"inLanguage":"en-US","potentialAction":[{"@type":"ReadAction","target":["https:\/\/drbanuaydinatay.com\/"]}]},{"@type":"BreadcrumbList","@id":"https:\/\/drbanuaydinatay.com\/#breadcrumb","itemListElement":[{"@type":"ListItem","position":1,"name":"Anasayfa","item":"https:\/\/drbanuaydinatay.com\/"},{"@type":"ListItem","position":2,"name":"Anasayfa"}]},{"@type":"WebSite","@id":"https:\/\/drbanuaydinatay.com\/#website","url":"https:\/\/drbanuaydinatay.com\/","name":"Do\u00e7. Dr. Banu Sa\u011flam Ayd\u0131natay","description":"","publisher":{"@id":"https:\/\/drbanuaydinatay.com\/#\/schema\/person\/655c3e9cf49d307531668553802ad98f"},"potentialAction":[{"@type":"SearchAction","target":{"@type":"EntryPoint","urlTemplate":"https:\/\/drbanuaydinatay.com\/?s={search_term_string}"},"query-input":{"@type":"PropertyValueSpecification","valueRequired":true,"valueName":"search_term_string"}}],"inLanguage":"en-US"},{"@type":["Person","Organization"],"@id":"https:\/\/drbanuaydinatay.com\/#\/schema\/person\/655c3e9cf49d307531668553802ad98f","name":"Do\u00e7. Dr. Banu Sa\u011flam Ayd\u0131natay","logo":{"@id":"https:\/\/drbanuaydinatay.com\/#\/schema\/person\/image\/"}}]}},"_links":{"self":[{"href":"https:\/\/drbanuaydinatay.com\/en\/wp-json\/wp\/v2\/pages\/77","targetHints":{"allow":["GET"]}}],"collection":[{"href":"https:\/\/drbanuaydinatay.com\/en\/wp-json\/wp\/v2\/pages"}],"about":[{"href":"https:\/\/drbanuaydinatay.com\/en\/wp-json\/wp\/v2\/types\/page"}],"author":[{"embeddable":true,"href":"https:\/\/drbanuaydinatay.com\/en\/wp-json\/wp\/v2\/users\/1"}],"replies":[{"embeddable":true,"href":"https:\/\/drbanuaydinatay.com\/en\/wp-json\/wp\/v2\/comments?post=77"}],"version-history":[{"count":28,"href":"https:\/\/drbanuaydinatay.com\/en\/wp-json\/wp\/v2\/pages\/77\/revisions"}],"predecessor-version":[{"id":1073,"href":"https:\/\/drbanuaydinatay.com\/en\/wp-json\/wp\/v2\/pages\/77\/revisions\/1073"}],"wp:attachment":[{"href":"https:\/\/drbanuaydinatay.com\/en\/wp-json\/wp\/v2\/media?parent=77"}],"curies":[{"name":"wp","href":"https:\/\/api.w.org\/{rel}","templated":true}]}}